{"id":8456,"date":"2021-08-08T15:41:31","date_gmt":"2021-08-08T13:41:31","guid":{"rendered":"https:\/\/eckhold-consultants.de\/events\/"},"modified":"2022-08-29T12:08:38","modified_gmt":"2022-08-29T12:08:38","slug":"events","status":"publish","type":"page","link":"https:\/\/eckhold-consultants.de\/en\/events\/","title":{"rendered":"Events"},"content":{"rendered":"<section class=\"tcvpb_section_tc tcvpb-centered section_body_fullwidth\" style=\"padding-top:0px;padding-bottom:50px;\">\n\t\t\n\t\t<div class=\"tcvpb_section_content\"><div class=\"tcvpb_container\"><div class=\"tcvpb_column_tc_span12\"><div  class=\"tcvpb-image \" ><img src=\"https:\/\/eckhold-consultants.de\/wp-content\/uploads\/2022\/05\/AdobeStock_283017482-scaled-e1652969083338.jpeg\"><\/div><\/div><\/div><\/div>\n\t\t\n\t\t\n\t<\/section><section class=\"tcvpb_section_tc title-left\" style=\"padding-top:50px;\">\n\t\t\n\t\t<div class=\"tcvpb_section_content\"><div class=\"tcvpb_container\"><div class=\"tcvpb_column_tc_span12\"><div  class=\"\" >\n<p class=\"p_tc\" style=\"text-align: justify;\"><span style=\"font-size: 14pt;\">Our consultants offer various seminars, lectures, workshops, etc. during the course of a year. Here you can find our program which&nbsp;we&nbsp;update regularly. For more detailed information, please contact&nbsp;&nbsp; .<\/span><\/p>\n<p class=\"p_tc\" style=\"text-align: justify;\"><span style=\"font-size: 14pt;\">&nbsp;<\/span><\/p>\n<\/div><span class=\"clear\" style=\"height:50px;display:block;\"><\/span><h3  ><span>\n<p class=\"p_tc\"><span style=\"font-size: 24pt;\"><strong>Our events, workshops and seminars in 2022:<\/strong><\/span><\/p>\n<\/span><\/h3><div  class=\"tcvpb-accordion \" data-expanded=\"0\">\n\t\t<h3>08.02.2022 | Berlin | AK Berlin | The systematic company succession and evaluation<\/h3>\n\t\t<div class=\"tcvpb-accordion-body\">\n\t\t\t<p>\n<p class=\"p_tc\">On <span style=\"text-decoration: underline;\"><strong>Tuesday, February the 08th, 2022<\/strong><\/span> from <strong><span style=\"text-decoration: underline;\">2:00 to 7:00 p.m.<\/span><\/strong> <span style=\"text-decoration: underline;\">Mr. J\u00f6rg T. Eckhold<\/span> holds a <strong>seminar<\/strong> on the topic &#8216;The systematic business succession and valuation&#8217; in the offices of the Chamber of Architects Berlin &#8211; Alte Jakobstra\u00dfe 149 in 10969 Berlin.<\/p>\n<\/p>\n\t\t<\/div>\n\t\t<h3>02.03.2022 | Wiesbaden | AK Hessen I Planning for the future - succession and takeover<\/h3>\n\t\t<div class=\"tcvpb-accordion-body\">\n\t\t\t<p>\n<p class=\"p_tc\">On <strong><span style=\"text-decoration: underline;\">Wednesday, March the 2nd, 2022<\/span><\/strong> from <span style=\"text-decoration: underline;\"><strong>10:30 a.m. to 5:00 p.m.<\/strong><\/span> <span style=\"text-decoration: underline;\">Mr. J\u00f6rg T. Eckhold<\/span> holds <strong>follow-up consultation hours<\/strong> for members of the Chamber of Architects and Town Planners of Hesse on the topic of &#8216;Succession and Takeover in the Architectural Office&#8217;.<\/p>\n<\/p>\n\t\t<\/div>\n\t\t<h3>02.03.2022 | Wiesbaden | After-Work! Succession in the architecture office<\/h3>\n\t\t<div class=\"tcvpb-accordion-body\">\n\t\t\t<p>\n<p class=\"p_tc\">On <strong><span style=\"text-decoration: underline;\">Wednesday, March the 2nd, 2022<\/span><\/strong> from <span style=\"text-decoration: underline;\"><strong>6:00 to 9:15 p.m.<\/strong><\/span> <span style=\"text-decoration: underline;\">Mr. J\u00f6rg T. Eckhold<\/span> holds an <strong>Afterworkseminar<\/strong> on the topic &#8216;Succession in the architectural office&#8217; in the offices of the Chamber of Architects and Town Planners of Hesse &#8211; Bierstadter Stra\u00dfe 2 in 65189 Wiesbaden.<\/p>\n<\/p>\n\t\t<\/div>\n\t\t<h3>16.03.2022 | Wiesbaden | AK Hessen I Commercial basics of office management for architects<\/h3>\n\t\t<div class=\"tcvpb-accordion-body\">\n\t\t\t<p>\n<p class=\"p_tc\">On <span style=\"text-decoration: underline;\"><strong>Wednesday, March the 16th, 2022<\/strong><\/span> from <strong><span style=\"text-decoration: underline;\">1:00 to 6:00 p.m.<\/span><\/strong> <span style=\"text-decoration: underline;\">Mr. Andreas Langner<\/span> holds a <strong>seminar<\/strong> on the topic &#8216;Commercial basics of office management for architects&#8217; in the offices of the Chamber of Architects and Town Planners of Hesse &#8211; Bierstadter Stra\u00dfe 2 in 65189 Wiesbaden.<\/p>\n<p class=\"p_tc\">This highly practical seminar will provide you with the fundamentals that you can immediately use to negotiate, deal with economic difficulties, or increase success in your business.<\/p>\n<p class=\"p_tc\">Subject areas would be:<\/p>\n<ul>\n<li style=\"list-style-type: none;\">\n<ul>\n<li>Legal forms of the companies (personal and corporate liability risks)<\/li>\n<li>Accounting such as bookkeeping, income statement (annual financial statements, P+L, balance sheet, BWA, SuSa etc.), cost accounting and controlling as well as liquidity (planning) and overdraft facilities<\/li>\n<li>Office financing and dealing with banks (bank interview etc.)<\/li>\n<\/ul>\n<\/li>\n<\/ul>\n<\/p>\n\t\t<\/div>\n\t\t<h3>28.03. - 01.04.2022 | Cologne | Know-how + Coaching + Action Plan + Analysis Job Profile + Personnel Development + Work Organization<\/h3>\n\t\t<div class=\"tcvpb-accordion-body\">\n\t\t\t<p>\n<p class=\"p_tc\">In the rooms of the Design Post Cologne, Deutz-M\u00fchlheimer-Strasse 22 a in 50679 Cologne, a 5-day training event will take place under the direction of Mr. Edgar Haupt from <strong>March, the 28th to April, the 1st, 2022<\/strong> under the motto<strong>&#8216;B\u00fcromanager\/in Planungsb\u00fcro<\/strong>&#8216;.<\/p>\n<p class=\"p_tc\"><strong>Unique learning practice<\/strong>: know-how + coaching + action plan + analysis job profile + personnel development + work organization<\/p>\n<p class=\"p_tc\">On <span style=\"text-decoration: underline;\"><strong>Wednesday, March the 30th, 2022<\/strong><\/span> <span style=\"text-decoration: underline;\">Mr. Andreas Langner<\/span> will explain the following points to you:<\/p>\n<ul>\n<li>Success and financial controlling in the office<\/li>\n<li>accounting industry<\/li>\n<li>BWA &#8211; business management analysis<\/li>\n<li>Time recording and valuation of work in progress<\/li>\n<li>Calculation of hourly rates and overhead costs<\/li>\n<li>Liquidity planning<\/li>\n<li>Management and controlling software&nbsp; &nbsp; &nbsp;<\/li>\n<\/ul>\n<p class=\"p_tc\">how to optimize the business management processes in your planning office so that sufficient profit and financial balance can be achieved.<\/p>\n<p class=\"p_tc\">Registration for the 5-day training event is gladly accepted by Ms. Anja Ott via e-mail &#8211; ott@iww.de &#8211; or telephone 02 11\/61 68 12-12.<\/p>\n<\/p>\n\t\t<\/div>\n\t\t<h3>03.05.2022 | Berlin | AK Berlin | Change Management in Planning Offices<\/h3>\n\t\t<div class=\"tcvpb-accordion-body\">\n\t\t\t<p>\n<p class=\"p_tc\">On <span style=\"text-decoration: underline;\"><strong>Tuesday, May the 3rd, 2022<\/strong><\/span> from <strong><span style=\"text-decoration: underline;\">10:00 a.m. to 2:00 p.m.<\/span><\/strong> <span style=\"text-decoration: underline;\">Mr. Oliver Rabanus<\/span> will hold a <strong>workshop<\/strong> on &#8216;Change Management in Planning Offices&#8217; at the offices of the Berlin Chamber of Architects &#8211; Alte Jakobstra\u00dfe 149 in 10969 Berlin.<\/p>\n<\/p>\n\t\t<\/div>\n\t\t<h3>07.06.2022 | Online | AK NRW I Office evaluation and office succession - planning and time schedule<\/h3>\n\t\t<div class=\"tcvpb-accordion-body\">\n\t\t\t<p>\n<p class=\"p_tc\">On <span style=\"text-decoration: underline;\"><strong>Tuesday, June the 7th, 2022<\/strong><\/span> from <span style=\"text-decoration: underline;\"><strong>10:00 a.m. to 5:00 p.m.<\/strong><\/span> <span style=\"text-decoration: underline;\">Mr. J\u00f6rg T. Eckhold<\/span> will hold an <strong>online seminar<\/strong> on the topic of <strong>&#8216;Office evaluation and office succession &#8211; planning and timing&#8217;<\/strong> via the Architektenkammmer NRW.<\/p>\n<\/p>\n\t\t<\/div>\n\t\t<h3>08.06.2022 | Wiesbaden | AK Hessen I Corporate management based on economic level - controlling<\/h3>\n\t\t<div class=\"tcvpb-accordion-body\">\n\t\t\t<p>\n<p class=\"p_tc\">On <span style=\"text-decoration: underline;\"><strong>Wednesday, June the 8th, 2022<\/strong><\/span> from <span style=\"text-decoration: underline;\"><strong>1:00 to 6:00 p.m.<\/strong><\/span> <span style=\"text-decoration: underline;\">Mr. Andreas Langner<\/span> holds a <strong>seminar<\/strong> on the topic &#8216;Corporate management based on economic level &#8211; controlling&#8217; in the offices of the Chamber of Architects and Town Planners of Hesse &#8211; Bierstadter Stra\u00dfe 2 in 65189 Wiesbaden.<\/p>\n<p class=\"p_tc\">The seminar is intended to inform you about very specific key facts, how you can collect the following key figures in the company:<\/p>\n<ul>\n<li>Return on sales<\/li>\n<li>Sales targets<\/li>\n<li>Project hour share<\/li>\n<li>average office hourly rate<\/li>\n<li>complete cost factor<\/li>\n<li>Effort benefits<\/li>\n<\/ul>\n<\/p>\n\t\t<\/div>\n\t\t<h3>21.06.2022 | Berlin | AK Berlin I How do I find a successor for my office?<\/h3>\n\t\t<div class=\"tcvpb-accordion-body\">\n\t\t\t<p>\n<p class=\"p_tc\">On <strong><span style=\"text-decoration: underline;\">Tuesday, June the 21th, 2022<\/span><\/strong> from <strong><span style=\"text-decoration: underline;\">3:00 to 7:00 p.m.<\/span><\/strong> <span style=\"text-decoration: underline;\">Mr. Oliver Rabanus<\/span> holds a <strong>seminar<\/strong> on the topic &#8216;How do I find a successor for my office?&#8217; in the offices of the Berlin Chamber of Architects &#8211; Alte Jakobstra\u00dfe 149 in 10969 Berlin.<\/p>\n<\/p>\n\t\t<\/div>\n\t\t<h3>21.06.2022 | Nuremberg | AK Bayern | The systematic business succession and evaluation<\/h3>\n\t\t<div class=\"tcvpb-accordion-body\">\n\t\t\t<p>\n<p class=\"p_tc\">On <strong><span style=\"text-decoration: underline;\">Tuesday, June the 21th, 2022<\/span><\/strong> from <strong><span style=\"text-decoration: underline;\">10:00 a.m. to 5:00 p.m.<\/span><\/strong> <span style=\"text-decoration: underline;\">Mr. J\u00f6rg T. Eckhold<\/span> holds a <strong>seminar<\/strong> on the topic &#8216;The systematic business succession and evaluation&#8217; in the AEG&nbsp; &#8211; address in PLZ Nuremberg.<\/p>\n<\/p>\n\t\t<\/div>\n\t\t<h3>12.07.2022 | Wiesbaden | AK Hessen | After-Work! Succession in the architecture office<\/h3>\n\t\t<div class=\"tcvpb-accordion-body\">\n\t\t\t<p>\n<p class=\"p_tc\">On <strong><span style=\"text-decoration: underline;\">Tuesday, July the 12th, 2022<\/span><\/strong> from <span style=\"text-decoration: underline;\"><strong>6:00 to 9:15 p.m.<\/strong><\/span> <span style=\"text-decoration: underline;\">Mr. Oliver Rabanus<\/span> holds an <strong>afterwork seminar<\/strong> on the topic &#8216;Succession in the architectural office&#8217; in the offices of the Chamber of Architects and Town Planners of Hesse &#8211; Bierstadter Stra\u00dfe 2 in 65189 Wiesbaden.<\/p>\n<\/p>\n\t\t<\/div>\n\t\t<h3>17.08.2022 | D\u00fcsseldorf | VBI and BDU | Handover and succession in the planning office<\/h3>\n\t\t<div class=\"tcvpb-accordion-body\">\n\t\t\t<p>\n<p class=\"p_tc\">Succession in the planning office poses particular challenges for the owners. The Kooperationsverbund Unternehmens\u00fcbergaben, in which the Verband Beratender Ingenieure VBI (Association of Consulting Engineers) and the Bundesverband Deutscher Unternehmensberater BDU (Federal Association of German Management Consultants) have joined forces, wants to make your project easier and lead you to success. On <span style=\"text-decoration: underline;\"><strong>Wednesday, August the 17th, 2022<\/strong><\/span> from <span style=\"text-decoration: underline;\"><strong>10:30 a.m. to 3:00 p.m.<\/strong><\/span> <span style=\"text-decoration: underline;\">Mr. J\u00f6rg T. Eckhold<\/span> will explain to you in the conference room of the Lindner Congress Hotel on L\u00fctticher Stra\u00dfe 130 in 40547 D\u00fcsseldorf what you have to consider if you want to hand over or take over a planning office.<\/p>\n<p class=\"p_tc\">Program:<\/p>\n<p class=\"p_tc\" style=\"padding-left: 40px;\">&#8211; The systematic planning of the company succession in 5 phases (as-is assessment, concept, value assessment, contacting, closing)<\/p>\n<p class=\"p_tc\" style=\"padding-left: 40px;\">&#8211; Tax and legal structuring options<\/p>\n<p class=\"p_tc\" style=\"padding-left: 40px;\">&#8211; Purchase price financing \/ subsidy options<\/p>\n<p class=\"p_tc\">Registrations will be accepted by email from Ms. Steidl &#8211; steidl@vbi.de.<\/p>\n<p class=\"p_tc\">You can also find more information at<\/p>\n<p class=\"p_tc\"><a href=\"https:\/\/www.vbi.de\/termine\/seminar-uebergabe-und-nachfolge-im-planungsbuero\/\">https:\/\/www.vbi.de\/termine\/seminar-uebergabe-und-nachfolge-im-planungsbuero\/<\/a><\/p>\n<\/p>\n\t\t<\/div>\n\t\t<h3>05.09.2022 | Berlin | AK Berlin | Succession in smaller architectural firms<\/h3>\n\t\t<div class=\"tcvpb-accordion-body\">\n\t\t\t<p>\n<p class=\"p_tc\">On <span style=\"text-decoration: underline;\"><strong>Monday, September the 5th, 2022<\/strong><\/span> from <strong><span style=\"text-decoration: underline;\">2:00 to 6:00 p.m.<\/span><\/strong> <span style=\"text-decoration: underline;\">Mr. Oliver Rabanus<\/span> will hold a workshop on <strong>&#8216;Succession in Smaller Architectural Firms&#8217;<\/strong> at the offices of the Berlin Chamber of Architects &#8211; Alte Jakobstra\u00dfe 149 in 10969 Berlin.<\/p>\n<p class=\"p_tc\">You can also find more information at:<\/p>\n<p class=\"p_tc\"><a href=\"https:\/\/www.ak-berlin.de\/nc\/service\/aus-und-fortbildung\/fortbildungskalender\/seminar\/s22-1-112.html\">https:\/\/www.ak-berlin.de\/nc\/service\/aus-und-fortbildung\/fortbildungskalender\/seminar\/s22-1-112.html<\/a><\/p>\n<\/p>\n\t\t<\/div>\n\t\t<h3>14.09.2022 | Wiesbaden | AK Hessen | After-Work! How do I find a successor for my office?<\/h3>\n\t\t<div class=\"tcvpb-accordion-body\">\n\t\t\t<p>\n<p class=\"p_tc\">On <strong><span style=\"text-decoration: underline;\">Thursday, September the 14th, 2022<\/span><\/strong> from <span style=\"text-decoration: underline;\"><strong>6:00 to 9:15 p.m.<\/strong><\/span> <span style=\"text-decoration: underline;\">Mr. Oliver Rabanus<\/span> holds an <strong>afterwork seminar<\/strong> on the topic &#8216;How do I find a successor for my office?&#8217; in the offices of the Chamber of Architects and Town Planners of Hesse &#8211; Bierstadter Stra\u00dfe 2 in 65189 Wiesbaden.<\/p>\n<p class=\"p_tc\">For more information, please visit:<\/p>\n<p class=\"p_tc\"><a href=\"https:\/\/www.akh.de\/fortbildung\/details\/222-m27-after-work-wie-finde-ich-eine-nachfolge-fur-mein-a-694\">https:\/\/www.akh.de\/fortbildung\/details\/222-m27-after-work-wie-finde-ich-eine-nachfolge-fur-mein-a-694<\/a><\/p>\n<p class=\"p_tc\"><em>&nbsp;<\/em><\/p>\n<\/p>\n\t\t<\/div>\n\t\t<h3>28.09.2022 | Wiesbaden | AK Hessen |Follow-up meetings<\/h3>\n\t\t<div class=\"tcvpb-accordion-body\">\n\t\t\t<p>\n<p class=\"p_tc\">On <span style=\"text-decoration: underline;\"><strong>Wednesday, September the 28th, 2022<\/strong><\/span> from <span style=\"text-decoration: underline;\"><strong>10:30 a.m. to 5:00 p.m.<\/strong><\/span> <span style=\"text-decoration: underline;\">Mr. J\u00f6rg T. Eckhold<\/span> will hold follow-up consultations for members of the Chamber of Architects and Town Planners of Hesse on the topic of &#8216;Succession and Takeover in the Architectural Office&#8217;.<\/p>\n<p class=\"p_tc\"><em>More information to follow<\/em><\/p>\n<\/p>\n\t\t<\/div>\n\t\t<h3>28.09.2022 | Wiesbaden | AK Hessen | After-Work! Succession in the architectural office<\/h3>\n\t\t<div class=\"tcvpb-accordion-body\">\n\t\t\t<p>\n<p class=\"p_tc\">On <span style=\"text-decoration: underline;\"><strong>Wednesday, September the 28th, 2022<\/strong><\/span> from <span style=\"text-decoration: underline;\"><strong>6:00 to 9:15 p.m.<\/strong><\/span> <span style=\"text-decoration: underline;\">Mr. J\u00f6rg T. Eckhold<\/span> holds an <strong>Afterworkseminar<\/strong> on the topic &#8216;Succession in the architectural office&#8217; in the offices of the Chamber of Architects and Town Planners of Hesse &#8211; Bierstadter Stra\u00dfe 2 in 65189 Wiesbaden.<\/p>\n<p class=\"p_tc\">You can also find more information at:<\/p>\n<p class=\"p_tc\"><a href=\"https:\/\/www.akh.de\/fortbildung\/details\/222-m32-after-work-nachfolge-und-ubernahme-im-architekturb-730\">https:\/\/www.akh.de\/fortbildung\/details\/222-m32-after-work-nachfolge-und-ubernahme-im-architekturb-730<\/a><\/p>\n<\/p>\n\t\t<\/div>\n\t\t<h3>04.10.2022 | Munich | AK Bayern | The systematic company succession and evaluation<\/h3>\n\t\t<div class=\"tcvpb-accordion-body\">\n\t\t\t<p>\n<p class=\"p_tc\">On <span style=\"text-decoration: underline;\"><strong>Tuesday, October the 04th, 2022<\/strong><\/span> from <span style=\"text-decoration: underline;\"><strong>9:30 a.m. to 5:00 p.m.<\/strong><\/span> <span style=\"text-decoration: underline;\">Mr. J\u00f6rg T. Eckhold<\/span> will explain to you in the premises of the Bavarian Chamber of Architects at Waisenhausstra\u00dfe 4 in 80637 Munich, on the basis of practical examples, how the systematic approach to the handover of your architectural office should proceed.<\/p>\n<p class=\"p_tc\">The most important aspects within succession planning are addressed:<\/p>\n<p class=\"p_tc\">&#8211; How to find a suitable successor?<br>&#8211; Takeover by employees, family members, external third parties<br>&#8211; Participation variant<br>&#8211; Valuation method<br>&#8211; Stumbling blocks of financial management<br>&#8211; Factors influencing civil law, tax law and business management<br>&#8211; Practical examples<br>&#8211; Financing options\/public funding<br>&#8211; Integration of the successors<br>&#8211; Closing<br>&#8211; Post-transaction support<\/p>\n<p class=\"p_tc\">You can also find more information at:<\/p>\n<p class=\"p_tc\"><a href=\"https:\/\/www.byak.de\/veranstaltungen\/akademie-fuer-fort-und-weiterbildung\/veranstaltung\/22480-die-systematische-unternehmensnachfolge-und-bewertung.html?no_cache=1&amp;cHash=ffec2eab6db84156864e1e918416293d#filter\">https:\/\/www.byak.de\/veranstaltungen\/akademie-fuer-fort-und-weiterbildung\/veranstaltung\/22480-die-systematische-unternehmensnachfolge-und-bewertung.html?no_cache=1&amp;cHash=ffec2eab6db84156864e1e918416293d#filter<\/a><\/p>\n<\/p>\n\t\t<\/div>\n\t\t<h3>03.11.2022 | Wiesbaden | AK Hessen | Business management based on economic level - controlling<\/h3>\n\t\t<div class=\"tcvpb-accordion-body\">\n\t\t\t<p>\n<p class=\"p_tc\">On <span style=\"text-decoration: underline;\"><strong>Thursday, November the 03rd, 2022<\/strong><\/span> from <span style=\"text-decoration: underline;\"><strong>09:30 a.m. to 2:30 p.m.<\/strong><\/span> <span style=\"text-decoration: underline;\">Mr. Andreas Langner<\/span> holds a seminar on the topic &#8216;Corporate management based on economic level &#8211; controlling&#8217; in the offices of the Chamber of Architects and Town Planners of Hesse &#8211; Bierstadter Stra\u00dfe 2 in 65189 Wiesbaden.<\/p>\n<p class=\"p_tc\">The seminar is intended to inform you about very specific key facts, how to collect the following key figures in the company:<\/p>\n<p class=\"p_tc\">&#8211; Return on sales<br>&#8211; sales targets<br>&#8211; project hour rate<br>&#8211; average office hour rate<br>&#8211; complete cost factor<br>&#8211; effort benefits<\/p>\n<p class=\"p_tc\">You can also find more information at:<\/p>\n<p class=\"p_tc\"><a href=\"https:\/\/www.akh.de\/fortbildung\/details\/222-m42-unternehmensfuhrung-basierend-auf-wirtschaftlichen-743\">https:\/\/www.akh.de\/fortbildung\/details\/222-m42-unternehmensfuhrung-basierend-auf-wirtschaftlichen-743<\/a><\/p>\n<\/p>\n\t\t<\/div>\n\t\t<h3>10.11.2022 | Wiesbaden | AK Hessen | After-Work! Internal office succession - an opportunity for young architects<\/h3>\n\t\t<div class=\"tcvpb-accordion-body\">\n\t\t\t<p>\n<p class=\"p_tc\">On <span style=\"text-decoration: underline;\"><strong>Thursday, November the 10th, 2022<\/strong><\/span> from <span style=\"text-decoration: underline;\"><strong>6:00 to 9:15 p.m.<\/strong><\/span> <span style=\"text-decoration: underline;\">Mr. Oliver Rabanus<\/span> will hold an afterwork seminar on the topic &#8216;Internal office succession &#8211; an opportunity for young architects*&#8217; in the offices of the Chamber of Architects and Town Planners of Hesse &#8211; Bierstadter Stra\u00dfe 2 in 65189 Wiesbaden.<\/p>\n<p class=\"p_tc\"><em>More information to follow<\/em><\/p>\n<p class=\"p_tc\"><em>&nbsp;<\/em><\/p>\n<\/p>\n\t\t<\/div><\/div><\/div><\/div><\/div>\n\t\t\n\t\t\n\t<\/section><section class=\"tcvpb_section_tc\">\n\t\t\n\t\t<div class=\"tcvpb_section_content\"><div class=\"tcvpb_container\"><div class=\"tcvpb_column_tc_span12\"><div class=\"tcvpb-callout_box tcvpb-callout_box_style_3 c2a-box\"><span class=\"tcvpb-callout_box_title\">Book an initial FREE consultation<\/span><a href=\"\/kontakt#contact_form\" target=\"_self\" class=\"tcvpb-button1 tcvpb-button_light tcvpb-button_rounded tcvpb-button_medium\">CONTACT<\/a><\/div><\/div><\/div><\/div>\n\t\t\n\t\t\n\t<\/section>\n","protected":false},"excerpt":{"rendered":"","protected":false},"author":1,"featured_media":0,"parent":0,"menu_order":0,"comment_status":"closed","ping_status":"closed","template":"","meta":[],"_links":{"self":[{"href":"https:\/\/eckhold-consultants.de\/en\/wp-json\/wp\/v2\/pages\/8456"}],"collection":[{"href":"https:\/\/eckhold-consultants.de\/en\/wp-json\/wp\/v2\/pages"}],"about":[{"href":"https:\/\/eckhold-consultants.de\/en\/wp-json\/wp\/v2\/types\/page"}],"author":[{"embeddable":true,"href":"https:\/\/eckhold-consultants.de\/en\/wp-json\/wp\/v2\/users\/1"}],"replies":[{"embeddable":true,"href":"https:\/\/eckhold-consultants.de\/en\/wp-json\/wp\/v2\/comments?post=8456"}],"version-history":[{"count":9,"href":"https:\/\/eckhold-consultants.de\/en\/wp-json\/wp\/v2\/pages\/8456\/revisions"}],"predecessor-version":[{"id":8732,"href":"https:\/\/eckhold-consultants.de\/en\/wp-json\/wp\/v2\/pages\/8456\/revisions\/8732"}],"wp:attachment":[{"href":"https:\/\/eckhold-consultants.de\/en\/wp-json\/wp\/v2\/media?parent=8456"}],"curies":[{"name":"wp","href":"https:\/\/api.w.org\/{rel}","templated":true}]}}