{"id":8504,"date":"2021-08-08T14:51:52","date_gmt":"2021-08-08T14:51:52","guid":{"rendered":"https:\/\/eckhold-consultants.de\/about-us\/dr-bernhard-fassin\/"},"modified":"2022-08-11T10:19:36","modified_gmt":"2022-08-11T10:19:36","slug":"dr-bernhard-fassin","status":"publish","type":"page","link":"https:\/\/eckhold-consultants.de\/en\/about-us\/dr-bernhard-fassin\/","title":{"rendered":"Dr. Bernhard Fassin"},"content":{"rendered":"<section class=\"tcvpb_section_tc\">\n\t\t\n\t\t<div class=\"tcvpb_section_content\"><div class=\"tcvpb_container\"><div class=\"tcvpb_column_tc_span6\"><div  class=\"tcvpb-image tcvpb-animo\" data-animation=\"fadeIn\" data-trigger_pt=\"0\" data-duration=\"1000\" data-delay=\"0\"><img src=\"https:\/\/eckhold-consultants.de\/wp-content\/uploads\/2021\/08\/Dr.-Fassin-scaled-e1628428026119.jpg\"><\/div><\/div><div class=\"tcvpb_column_tc_span6\"><h3  ><span>\n<p class=\"p_tc\">Dr. Bernhard Fassin<\/p>\n<\/span><\/h3><div  class=\"more_space\" >\n<p class=\"p_tc\">Lawyer, tax advisor and specialist in commercial and corporate law, Partner<\/p>\n<p class=\"p_tc\">AKP Achilles Bosse Fassin und Partner mbB<\/p>\n<p class=\"p_tc\">Wirtschaftspr\u00fcfer &#8211; Steuerberater &#8211; Rechtsanw\u00e4lte &#8211; vereidigte Buchpr\u00fcfer<br>Wilhelmshofallee 115<br>47800 Krefeld<br><br>Phone: + 49 (0) 2151\/581410<br>Fax: + 49 (0) 2151\/581444<\/p>\n<p class=\"p_tc\"><a href=\"mailto:dr.fassin@akp-krefeld.de\">dr.fassin@akp-krefeld.de<\/a><\/p>\n<\/div><\/div><\/div><\/div>\n\t\t\n\t\t\n\t<\/section><section class=\"tcvpb_section_tc\">\n\t\t\n\t\t<div class=\"tcvpb_section_content\"><div class=\"tcvpb_container\"><div class=\"tcvpb_column_tc_span12\"><h6  ><span>\n<p class=\"p_tc\">Consulting focus:<\/p>\n<\/span><\/h6><div  class=\"\" >\n<p class=\"p_tc\">Mr. Dr. Bernhard Fassin has been a lawyer since 2002 and a partner in the partnership firm now also operating under his name since 1996. He specializes in commercial, corporate and tax law, in particular in succession issues. In addition to serving on supervisory and advisory boards of medium-sized companies, he is also a speaker on interdisciplinary legal and tax topics.<\/p>\n<p class=\"p_tc\">For years he has been advising medium-sized companies and freelancers, supporting them not only in business decisions, such as transactions (transformation\/succession arrangements\/M &amp; A), but also in private matters, in particular wealth issues.<\/p>\n<\/div><span class=\"clear\" style=\"height:30px;display:block;\"><\/span><h6  ><span>\n<p class=\"p_tc\">Other fields of activity:<\/p>\n<\/span><\/h6><div  class=\"\" >\n<p class=\"p_tc\">Mr. Dr. Bernhard Fassin is also active in cooperation with tax advisors and attorneys at law in advising companies as an additional consultant in matters of corporate and tax law. In addition, he is involved with the D\u00fcsseldorf Bar Association in the interests of specialist lawyers in the field of commercial and corporate law.<\/p>\n<\/div><span class=\"clear\" style=\"height:30px;display:block;\"><\/span><h6  ><span>\n<p class=\"p_tc\">Vita:<\/p>\n<\/span><\/h6><div  class=\"\" >\n<p class=\"p_tc\">After studying law and obtaining his doctorate at the University of Cologne, he was admitted to the bar in 1992 and to the bar as a tax advisor in 1996. Since then, he was a partner in a Krefeld law firm with a focus on auditing, tax consulting and legal advice. which has been transformed into the legal form of today&#8217;s Partnerschaftsgesellschaft mbB. He brings to his advice, based on his experience with mid-sized structures and taking into account their specific expectations and needs, not only legal but also business concerns that lead to concrete results for clients.<\/p>\n<\/div><span class=\"clear\" style=\"height:30px;display:block;\"><\/span><h6  ><span>\n<p class=\"p_tc\">Languages:<\/p>\n<\/span><\/h6><div  class=\"\" >\n<p class=\"p_tc\">German, English<\/p>\n<\/div><\/div><\/div><\/div>\n\t\t\n\t\t\n\t<\/section>\n","protected":false},"excerpt":{"rendered":"","protected":false},"author":1,"featured_media":0,"parent":8445,"menu_order":0,"comment_status":"closed","ping_status":"closed","template":"","meta":[],"_links":{"self":[{"href":"https:\/\/eckhold-consultants.de\/en\/wp-json\/wp\/v2\/pages\/8504"}],"collection":[{"href":"https:\/\/eckhold-consultants.de\/en\/wp-json\/wp\/v2\/pages"}],"about":[{"href":"https:\/\/eckhold-consultants.de\/en\/wp-json\/wp\/v2\/types\/page"}],"author":[{"embeddable":true,"href":"https:\/\/eckhold-consultants.de\/en\/wp-json\/wp\/v2\/users\/1"}],"replies":[{"embeddable":true,"href":"https:\/\/eckhold-consultants.de\/en\/wp-json\/wp\/v2\/comments?post=8504"}],"version-history":[{"count":5,"href":"https:\/\/eckhold-consultants.de\/en\/wp-json\/wp\/v2\/pages\/8504\/revisions"}],"predecessor-version":[{"id":8668,"href":"https:\/\/eckhold-consultants.de\/en\/wp-json\/wp\/v2\/pages\/8504\/revisions\/8668"}],"up":[{"embeddable":true,"href":"https:\/\/eckhold-consultants.de\/en\/wp-json\/wp\/v2\/pages\/8445"}],"wp:attachment":[{"href":"https:\/\/eckhold-consultants.de\/en\/wp-json\/wp\/v2\/media?parent=8504"}],"curies":[{"name":"wp","href":"https:\/\/api.w.org\/{rel}","templated":true}]}}